{"id":713,"date":"2022-09-30T13:26:09","date_gmt":"2022-09-30T11:26:09","guid":{"rendered":"https:\/\/zone-studio.es\/contacto\/"},"modified":"2025-03-11T17:54:35","modified_gmt":"2025-03-11T15:54:35","slug":"contacto","status":"publish","type":"page","link":"https:\/\/zone-studio.es\/es\/contacto\/","title":{"rendered":"Contacto"},"content":{"rendered":"<section class=\"l-section wpb_row us_custom_623ba360 height_large with_img\"><div class=\"l-section-img\" role=\"img\" data-img-width=\"1920\" data-img-height=\"1000\" style=\"background-image: url(https:\/\/zone-studio.es\/wp-content\/uploads\/2023\/12\/ZS_Contact.jpg);background-repeat: no-repeat;background-size: auto;\"><\/div><div class=\"l-section-overlay\" style=\"background:rgba(0,0,0,0.30)\"><\/div><div class=\"l-section-h i-cf\"><div class=\"g-cols vc_row via_flex valign_top type_default stacking_default\"><div class=\"vc_col-sm-12 wpb_column vc_column_container\"><div class=\"vc_column-inner\"><div class=\"wpb_wrapper\">[vc_custom_heading text=\u00bbCONTACTO\u00bb font_container=\u00bbtag:h1|text_align:left|color:%23ffffff\u00bb use_theme_fonts=\u00bbyes\u00bb]<\/div><\/div><\/div><\/div><\/div><\/section><section class=\"l-section wpb_row height_medium\"><div class=\"l-section-h i-cf\"><div class=\"g-cols vc_row via_flex valign_top type_default stacking_default\"><div class=\"vc_col-sm-6 wpb_column vc_column_container\"><div class=\"vc_column-inner\"><div class=\"wpb_wrapper\">[vc_custom_heading text=\u00bbContacta con nosotros\u00bb use_theme_fonts=\u00bbyes\u00bb css=\u00bb%7B%22default%22%3A%7B%22margin-bottom%22%3A%223rem%22%7D%7D\u00bb el_class=\u00bbdeco\u00bb]\n<div class=\"wpcf7 no-js\" id=\"wpcf7-f712-o1\" lang=\"es-ES\" dir=\"ltr\" data-wpcf7-id=\"712\">\n<div class=\"screen-reader-response\"><p role=\"status\" aria-live=\"polite\" aria-atomic=\"true\"><\/p> <ul><\/ul><\/div>\n<form action=\"\/es\/wp-json\/wp\/v2\/pages\/713#wpcf7-f712-o1\" method=\"post\" class=\"wpcf7-form init wpcf7-acceptance-as-validation\" aria-label=\"Formulario de contacto\" novalidate=\"novalidate\" data-status=\"init\">\n<fieldset class=\"hidden-fields-container\"><input type=\"hidden\" name=\"_wpcf7\" value=\"712\" \/><input type=\"hidden\" name=\"_wpcf7_version\" value=\"6.1.5\" \/><input type=\"hidden\" name=\"_wpcf7_locale\" value=\"es_ES\" \/><input type=\"hidden\" name=\"_wpcf7_unit_tag\" value=\"wpcf7-f712-o1\" \/><input type=\"hidden\" name=\"_wpcf7_container_post\" value=\"0\" \/><input type=\"hidden\" name=\"_wpcf7_posted_data_hash\" value=\"\" \/><input type=\"hidden\" name=\"_wpcf7_recaptcha_response\" value=\"\" \/>\n<\/fieldset>\n<div class=\"cf-container\">\n\t<div class=\"cf-col-6\"><label for=\"nombre\"><span class=\"label\">Nombre<\/span><span class=\"wpcf7-form-control-wrap\" data-name=\"nombre\"><input size=\"40\" maxlength=\"400\" class=\"wpcf7-form-control wpcf7-text wpcf7-validates-as-required\" id=\"nombre\" autocomplete=\"name\" aria-required=\"true\" aria-invalid=\"false\" placeholder=\"Nombre y Apellidos\" value=\"\" type=\"text\" name=\"nombre\" \/><\/span><\/label><\/div>\n\t<div class=\"cf-col-6\"><label for=\"telefono\"><span class=\"label\">Tel\u00e9fono<\/span><\/span><span class=\"wpcf7-form-control-wrap\" data-name=\"telefono\"><input size=\"40\" maxlength=\"400\" class=\"wpcf7-form-control wpcf7-tel wpcf7-validates-as-required wpcf7-text wpcf7-validates-as-tel\" id=\"telefono\" autocomplete=\"tel\" aria-required=\"true\" aria-invalid=\"false\" placeholder=\"Tel\u00e9fono\" value=\"\" type=\"tel\" name=\"telefono\" \/><\/span> <\/label><\/div>\n\t<div class=\"cf-col-12\"><label for=\"email\"><span class=\"label\">Email<\/span><span class=\"wpcf7-form-control-wrap\" data-name=\"email\"><input size=\"40\" maxlength=\"400\" class=\"wpcf7-form-control wpcf7-email wpcf7-validates-as-required wpcf7-text wpcf7-validates-as-email\" id=\"email\" autocomplete=\"email\" aria-required=\"true\" aria-invalid=\"false\" placeholder=\"Email\" value=\"\" type=\"email\" name=\"email\" \/><\/span> <\/label><\/div>\n\t<div class=\"cf-col-12\"><label for=\"mensaje\"><span class=\"label\">Mensaje<\/span><span class=\"wpcf7-form-control-wrap\" data-name=\"mensaje\"><textarea cols=\"40\" rows=\"10\" maxlength=\"2000\" class=\"wpcf7-form-control wpcf7-textarea wpcf7-validates-as-required\" id=\"mensaje\" aria-required=\"true\" aria-invalid=\"false\" placeholder=\"Mensaje\" name=\"mensaje\"><\/textarea><\/span><\/label><\/div>\n\t<div class=\"cf-col-12\"><label for=\"legal-1\"><span class=\"politica\"><span class=\"wpcf7-form-control-wrap\" data-name=\"legal-1\"><span class=\"wpcf7-form-control wpcf7-acceptance\"><span class=\"wpcf7-list-item\"><label><input type=\"checkbox\" name=\"legal-1\" value=\"1\" id=\"legal-1\" aria-invalid=\"false\" \/><span class=\"wpcf7-list-item-label\">He le\u00eddo y acepto la <a target=\"_blank\" rel=\"nofollow\" href=\"\/privacy-policy\/\">pol\u00edtica de privacidad<\/a>.<\/span><\/label><\/span><\/span><\/span><\/span><\/label><\/div>\n\t<div class=\"cf-col-2 cf-push-10\"><span class=\"button-form\"><input class=\"wpcf7-form-control wpcf7-submit has-spinner\" id=\"form-contact\" type=\"submit\" value=\"Submit\" \/><\/span><\/div>\n<\/div><div class=\"wpcf7-response-output\" aria-hidden=\"true\"><\/div>\n<\/form>\n<\/div>\n<\/div><\/div><\/div><div class=\"vc_col-sm-6 wpb_column vc_column_container\"><div class=\"vc_column-inner\"><div class=\"wpb_wrapper\"><div class=\"w-html\"><iframe src=\"https:\/\/www.google.com\/maps\/embed?pb=!1m18!1m12!1m3!1d409974.160688301!2d-5.03250325483003!3d36.604160362624796!2m3!1f0!2f0!3f0!3m2!1i1024!2i768!4f13.1!3m3!1m2!1s0xd7329a791e62bb3:0xc0b5cfa9023e2cac!2sZone Studio!5e0!3m2!1ses!2ses!4v1702894783400!5m2!1ses!2ses\" width=\"100%\" height=\"550\" style=\"border:0;\" allowfullscreen=\"\" loading=\"lazy\" referrerpolicy=\"no-referrer-when-downgrade\"><\/iframe><\/div><\/div><\/div><\/div><\/div><\/div><\/section><section class=\"l-section wpb_row height_medium\"><div class=\"l-section-h i-cf\"><div class=\"g-cols vc_row via_flex valign_top type_default stacking_default\"><div class=\"vc_col-sm-4 wpb_column vc_column_container text-justify-v\"><div class=\"vc_column-inner\"><div class=\"wpb_wrapper\">[vc_custom_heading text=\u00bbContacto\u00bb use_theme_fonts=\u00bbyes\u00bb css=\u00bb%7B%22default%22%3A%7B%22margin-bottom%22%3A%223rem%22%7D%7D\u00bb el_class=\u00bbdeco\u00bb]<div class=\"w-vwrapper align_none valign_top\">[vc_custom_heading text=\u00bbContacta con nosotros\u00bb font_container=\u00bbtag:p|text_align:left\u00bb use_theme_fonts=\u00bbyes\u00bb css=\u00bb%7B%22default%22%3A%7B%22color%22%3A%22_content_primary%22%2C%22font-size%22%3A%221.75rem%22%2C%22line-height%22%3A%221.2%22%2C%22font-family%22%3A%22h1%22%2C%22text-transform%22%3A%22uppercase%22%2C%22margin-bottom%22%3A%222rem%22%7D%7D\u00bb]<p class=\"w-text us_custom_7cdf484d\"><span class=\"w-text-h\"><span class=\"w-text-value\">Zone Studio<\/span><\/span><\/p><div class=\"w-text us_custom_0f088a09 has_text_color icon_atleft\"><a href=\"tel:+34619758228\" class=\"w-text-h\"><span class=\"fas fa-phone-alt\"><\/span><span class=\"w-text-value\">619 75 82 28<\/span><\/a><\/div><div class=\"w-text us_custom_0f088a09 has_text_color icon_atleft\"><a href=\"mailto:design@zoemarmentini.com\" class=\"w-text-h\"><span class=\"fas fa-envelope\"><\/span><span class=\"w-text-value\">design@zoemarmentini.com<\/span><\/a><\/div><div class=\"w-text us_custom_0f088a09 has_text_color icon_atleft\"><span target=\"_blank\" rel=\"nofollow\" class=\"w-text-h\"><span class=\"fas fa-map-marker-alt\"><\/span><span class=\"w-text-value\">C. los Jazmines, 390, 29660 Marbella, M\u00e1laga<\/span><\/span><\/div><div class=\"w-socials us_custom_fb1528c0 color_link shape_circle style_solid hover_fade\" style=\"--gap:7px;\"><div class=\"w-socials-list\"><div class=\"w-socials-item instagram\"><a href=\"https:\/\/www.instagram.com\/in_the_zonestudio\/\" class=\"w-socials-item-link\" title=\"Instagram\" aria-label=\"Instagram\"><span class=\"w-socials-item-link-hover\"><\/span><span class=\"fab fa-instagram\"><\/span><\/a><div class=\"w-socials-item-popup\"><span>Instagram<\/span><\/div><\/div><div class=\"w-socials-item linkedin\"><a href=\"https:\/\/es.linkedin.com\/company\/zone-studio-arte-ilustraci\u00f3n-y-dise\u00f1o\" class=\"w-socials-item-link\" title=\"LinkedIn\" aria-label=\"LinkedIn\"><span class=\"w-socials-item-link-hover\"><\/span><span class=\"fab fa-linkedin\"><\/span><\/a><div class=\"w-socials-item-popup\"><span>LinkedIn<\/span><\/div><\/div><\/div><\/div><div class=\"w-btn-wrapper align_none\"><a class=\"w-btn us-btn-style_1\" href=\"https:\/\/zone-studio.es\/contacto\/\"><span class=\"w-btn-label\">Contacto<\/span><\/a><\/div><\/div><\/div><\/div><\/div><div class=\"vc_col-sm-8 wpb_column vc_column_container stretched\"><div class=\"vc_column-inner us_custom_e6b302da\"><div class=\"wpb_wrapper\"><div class=\"w-image align_right\"><div class=\"w-image-h\"><img loading=\"lazy\" decoding=\"async\" width=\"1167\" height=\"658\" src=\"https:\/\/zone-studio.es\/wp-content\/uploads\/2023\/09\/contacto-zonestudio.jpg\" class=\"attachment-full size-full\" alt=\"contacto zonestudio\" \/><\/div><\/div><\/div><\/div><\/div><\/div><\/div><\/section>\n","protected":false},"excerpt":{"rendered":"[vc_custom_heading text=\"CONTACTO\" font_container=\"tag:h1|text_align:left|color:%23ffffff\" use_theme_fonts=\"yes\"][vc_custom_heading text=\"Contacta con nosotros\" use_theme_fonts=\"yes\" css=\"%7B%22default%22%3A%7B%22margin-bottom%22%3A%223rem%22%7D%7D\" el_class=\"deco\"] Nombre Tel\u00e9fono Email Mensaje He le\u00eddo y acepto la pol\u00edtica de privacidad. [vc_custom_heading text=\"Contacto\" use_theme_fonts=\"yes\" css=\"%7B%22default%22%3A%7B%22margin-bottom%22%3A%223rem%22%7D%7D\" el_class=\"deco\"][vc_custom_heading text=\"Contacta con nosotros\" font_container=\"tag:p|text_align:left\" use_theme_fonts=\"yes\" css=\"%7B%22default%22%3A%7B%22color%22%3A%22_content_primary%22%2C%22font-size%22%3A%221.75rem%22%2C%22line-height%22%3A%221.2%22%2C%22font-family%22%3A%22h1%22%2C%22text-transform%22%3A%22uppercase%22%2C%22margin-bottom%22%3A%222rem%22%7D%7D\"]Zone Studio619 75 82 28design@zoemarmentini.comC. los Jazmines, 390, 29660 Marbella, M\u00e1lagaInstagramLinkedInContacto","protected":false},"author":1,"featured_media":0,"parent":0,"menu_order":0,"comment_status":"closed","ping_status":"closed","template":"","meta":{"_acf_changed":false,"footnotes":""},"class_list":["post-713","page","type-page","status-publish","hentry"],"acf":[],"yoast_head":"<!-- This site is optimized with the Yoast SEO plugin v27.4 - https:\/\/yoast.com\/product\/yoast-seo-wordpress\/ -->\n<title>Contacto - Zone Studio<\/title>\n<meta name=\"robots\" content=\"noindex, follow\" \/>\n<meta property=\"og:locale\" content=\"es_ES\" \/>\n<meta property=\"og:type\" content=\"article\" \/>\n<meta property=\"og:title\" content=\"Contacto - Zone Studio\" \/>\n<meta property=\"og:url\" content=\"https:\/\/zone-studio.es\/es\/contacto\/\" \/>\n<meta property=\"og:site_name\" content=\"Zone Studio\" \/>\n<meta property=\"article:modified_time\" content=\"2025-03-11T15:54:35+00:00\" \/>\n<meta name=\"twitter:card\" content=\"summary_large_image\" \/>\n<meta name=\"twitter:label1\" content=\"Tiempo de lectura\" \/>\n\t<meta name=\"twitter:data1\" content=\"3 minutos\" \/>\n<script type=\"application\/ld+json\" class=\"yoast-schema-graph\">{\"@context\":\"https:\\\/\\\/schema.org\",\"@graph\":[{\"@type\":\"WebPage\",\"@id\":\"https:\\\/\\\/zone-studio.es\\\/es\\\/contacto\\\/\",\"url\":\"https:\\\/\\\/zone-studio.es\\\/es\\\/contacto\\\/\",\"name\":\"Contacto - Zone Studio\",\"isPartOf\":{\"@id\":\"https:\\\/\\\/zone-studio.es\\\/es\\\/#website\"},\"datePublished\":\"2022-09-30T11:26:09+00:00\",\"dateModified\":\"2025-03-11T15:54:35+00:00\",\"breadcrumb\":{\"@id\":\"https:\\\/\\\/zone-studio.es\\\/es\\\/contacto\\\/#breadcrumb\"},\"inLanguage\":\"es\",\"potentialAction\":[{\"@type\":\"ReadAction\",\"target\":[\"https:\\\/\\\/zone-studio.es\\\/es\\\/contacto\\\/\"]}]},{\"@type\":\"BreadcrumbList\",\"@id\":\"https:\\\/\\\/zone-studio.es\\\/es\\\/contacto\\\/#breadcrumb\",\"itemListElement\":[{\"@type\":\"ListItem\",\"position\":1,\"name\":\"Portada\",\"item\":\"https:\\\/\\\/zone-studio.es\\\/es\\\/\"},{\"@type\":\"ListItem\",\"position\":2,\"name\":\"Contacto\"}]},{\"@type\":\"WebSite\",\"@id\":\"https:\\\/\\\/zone-studio.es\\\/es\\\/#website\",\"url\":\"https:\\\/\\\/zone-studio.es\\\/es\\\/\",\"name\":\"Zone Studio\",\"description\":\"\",\"publisher\":{\"@id\":\"https:\\\/\\\/zone-studio.es\\\/es\\\/#organization\"},\"potentialAction\":[{\"@type\":\"SearchAction\",\"target\":{\"@type\":\"EntryPoint\",\"urlTemplate\":\"https:\\\/\\\/zone-studio.es\\\/es\\\/?s={search_term_string}\"},\"query-input\":{\"@type\":\"PropertyValueSpecification\",\"valueRequired\":true,\"valueName\":\"search_term_string\"}}],\"inLanguage\":\"es\"},{\"@type\":\"Organization\",\"@id\":\"https:\\\/\\\/zone-studio.es\\\/es\\\/#organization\",\"name\":\"Zone Studio\",\"url\":\"https:\\\/\\\/zone-studio.es\\\/es\\\/\",\"logo\":{\"@type\":\"ImageObject\",\"inLanguage\":\"es\",\"@id\":\"https:\\\/\\\/zone-studio.es\\\/es\\\/#\\\/schema\\\/logo\\\/image\\\/\",\"url\":\"https:\\\/\\\/zone-studio.es\\\/wp-content\\\/uploads\\\/2023\\\/09\\\/favicon.png\",\"contentUrl\":\"https:\\\/\\\/zone-studio.es\\\/wp-content\\\/uploads\\\/2023\\\/09\\\/favicon.png\",\"width\":93,\"height\":93,\"caption\":\"Zone Studio\"},\"image\":{\"@id\":\"https:\\\/\\\/zone-studio.es\\\/es\\\/#\\\/schema\\\/logo\\\/image\\\/\"}}]}<\/script>\n<!-- \/ Yoast SEO plugin. -->","yoast_head_json":{"title":"Contacto - Zone Studio","robots":{"index":"noindex","follow":"follow"},"og_locale":"es_ES","og_type":"article","og_title":"Contacto - Zone Studio","og_url":"https:\/\/zone-studio.es\/es\/contacto\/","og_site_name":"Zone Studio","article_modified_time":"2025-03-11T15:54:35+00:00","twitter_card":"summary_large_image","twitter_misc":{"Tiempo de lectura":"3 minutos"},"schema":{"@context":"https:\/\/schema.org","@graph":[{"@type":"WebPage","@id":"https:\/\/zone-studio.es\/es\/contacto\/","url":"https:\/\/zone-studio.es\/es\/contacto\/","name":"Contacto - Zone Studio","isPartOf":{"@id":"https:\/\/zone-studio.es\/es\/#website"},"datePublished":"2022-09-30T11:26:09+00:00","dateModified":"2025-03-11T15:54:35+00:00","breadcrumb":{"@id":"https:\/\/zone-studio.es\/es\/contacto\/#breadcrumb"},"inLanguage":"es","potentialAction":[{"@type":"ReadAction","target":["https:\/\/zone-studio.es\/es\/contacto\/"]}]},{"@type":"BreadcrumbList","@id":"https:\/\/zone-studio.es\/es\/contacto\/#breadcrumb","itemListElement":[{"@type":"ListItem","position":1,"name":"Portada","item":"https:\/\/zone-studio.es\/es\/"},{"@type":"ListItem","position":2,"name":"Contacto"}]},{"@type":"WebSite","@id":"https:\/\/zone-studio.es\/es\/#website","url":"https:\/\/zone-studio.es\/es\/","name":"Zone Studio","description":"","publisher":{"@id":"https:\/\/zone-studio.es\/es\/#organization"},"potentialAction":[{"@type":"SearchAction","target":{"@type":"EntryPoint","urlTemplate":"https:\/\/zone-studio.es\/es\/?s={search_term_string}"},"query-input":{"@type":"PropertyValueSpecification","valueRequired":true,"valueName":"search_term_string"}}],"inLanguage":"es"},{"@type":"Organization","@id":"https:\/\/zone-studio.es\/es\/#organization","name":"Zone Studio","url":"https:\/\/zone-studio.es\/es\/","logo":{"@type":"ImageObject","inLanguage":"es","@id":"https:\/\/zone-studio.es\/es\/#\/schema\/logo\/image\/","url":"https:\/\/zone-studio.es\/wp-content\/uploads\/2023\/09\/favicon.png","contentUrl":"https:\/\/zone-studio.es\/wp-content\/uploads\/2023\/09\/favicon.png","width":93,"height":93,"caption":"Zone Studio"},"image":{"@id":"https:\/\/zone-studio.es\/es\/#\/schema\/logo\/image\/"}}]}},"_links":{"self":[{"href":"https:\/\/zone-studio.es\/es\/wp-json\/wp\/v2\/pages\/713","targetHints":{"allow":["GET"]}}],"collection":[{"href":"https:\/\/zone-studio.es\/es\/wp-json\/wp\/v2\/pages"}],"about":[{"href":"https:\/\/zone-studio.es\/es\/wp-json\/wp\/v2\/types\/page"}],"author":[{"embeddable":true,"href":"https:\/\/zone-studio.es\/es\/wp-json\/wp\/v2\/users\/1"}],"replies":[{"embeddable":true,"href":"https:\/\/zone-studio.es\/es\/wp-json\/wp\/v2\/comments?post=713"}],"version-history":[{"count":12,"href":"https:\/\/zone-studio.es\/es\/wp-json\/wp\/v2\/pages\/713\/revisions"}],"predecessor-version":[{"id":991,"href":"https:\/\/zone-studio.es\/es\/wp-json\/wp\/v2\/pages\/713\/revisions\/991"}],"wp:attachment":[{"href":"https:\/\/zone-studio.es\/es\/wp-json\/wp\/v2\/media?parent=713"}],"curies":[{"name":"wp","href":"https:\/\/api.w.org\/{rel}","templated":true}]}}