{"id":719,"date":"2023-12-14T13:17:09","date_gmt":"2023-12-14T11:17:09","guid":{"rendered":"https:\/\/zone-studio.es\/disenadores\/"},"modified":"2025-02-24T14:06:42","modified_gmt":"2025-02-24T12:06:42","slug":"disenadores","status":"publish","type":"page","link":"https:\/\/zone-studio.es\/es\/disenadores\/","title":{"rendered":"Dise\u00f1adores"},"content":{"rendered":"<section class=\"l-section wpb_row us_custom_d50531cc height_auto width_full\"><div class=\"l-section-h i-cf\"><div class=\"g-cols vc_row via_flex valign_top type_default stacking_default\"><div class=\"vc_col-sm-12 wpb_column vc_column_container\"><div class=\"vc_column-inner\"><div class=\"wpb_wrapper\">\n\t\t\t<!-- START Slider 1 1 REVOLUTION SLIDER 6.7.18 --><p class=\"rs-p-wp-fix\"><\/p>\n\t\t\t<rs-module-wrap id=\"rev_slider_2_1_wrapper\" data-source=\"gallery\" style=\"visibility:hidden;background:transparent;padding:0;margin:0px auto;margin-top:0;margin-bottom:0;max-width:1680px;\">\n\t\t\t\t<rs-module id=\"rev_slider_2_1\" style=\"\" data-version=\"6.7.18\">\n\t\t\t\t\t<rs-slides style=\"overflow: hidden; position: absolute;\">\n\t\t\t\t\t\t<rs-slide style=\"position: absolute;\" data-key=\"rs-12\" data-title=\"Slide ES\" data-in=\"o:0;\" data-out=\"a:false;\">\n\t\t\t\t\t\t\t<img decoding=\"async\" src=\"\/\/zone-studio.es\/wp-content\/plugins\/revslider\/sr6\/assets\/assets\/dummy.png\" alt=\"Zone Studio F\u00e9lix Photo 55 H\" title=\"Zone Studio F\u00e9lix Photo 55 H\" width=\"1920\" height=\"1080\" class=\"rev-slidebg tp-rs-img rs-lazyload\" data-lazyload=\"\/\/zone-studio.es\/wp-content\/uploads\/2025\/11\/Zone-Studio-Felix-Photo-55_H.jpg\" data-no-retina>\n<!--\n\t\t\t\t\t\t\t--><rs-layer\n\t\t\t\t\t\t\t\tid=\"slider-2-slide-12-layer-0\" \n\t\t\t\t\t\t\t\tdata-type=\"text\"\n\t\t\t\t\t\t\t\tdata-rsp_ch=\"on\"\n\t\t\t\t\t\t\t\tdata-xy=\"xo:50px,50px,25px,25px;y:b;yo:52px,52px,95px,93px;\"\n\t\t\t\t\t\t\t\tdata-text=\"w:normal;s:20,20,25,20;l:25,25,35,20;\"\n\t\t\t\t\t\t\t\tdata-dim=\"w:auto,auto,auto,395px;h:auto,auto,auto,45px;\"\n\t\t\t\t\t\t\t\tdata-frame_999=\"o:0;st:w;\"\n\t\t\t\t\t\t\t\tstyle=\"z-index:5;font-family:'Crimson Text';\"\n\t\t\t\t\t\t\t><i>\"Sabemos que el trabajo en equipo es la clave para dejar huella en nuestras trayectorias profesionales\u201d<\/i> \n\t\t\t\t\t\t\t<\/rs-layer><!--\n-->\t\t\t\t\t<\/rs-slide>\n\t\t\t\t\t<\/rs-slides>\n\t\t\t\t\t<rs-static-layers><!--\n\t\t\t\t\t--><\/rs-static-layers>\n\t\t\t\t<\/rs-module>\n\t\t\t\t<script>\n\t\t\t\t\tsetREVStartSize({c: 'rev_slider_2_1',rl:[1240,1240,778,480],el:[800,800,600,600],gw:[1600,1600,821,480],gh:[800,800,600,600],type:'standard',justify:'',layout:'fullwidth',mh:\"0\"});if (window.RS_MODULES!==undefined && window.RS_MODULES.modules!==undefined && window.RS_MODULES.modules[\"revslider21\"]!==undefined) {window.RS_MODULES.modules[\"revslider21\"].once = false;window.revapi2 = undefined;if (window.RS_MODULES.checkMinimal!==undefined) window.RS_MODULES.checkMinimal()}\n\t\t\t\t<\/script>\n\t\t\t<\/rs-module-wrap>\n\t\t\t<!-- END REVOLUTION SLIDER -->\n<\/div><\/div><\/div><\/div><\/div><\/section><section class=\"l-section wpb_row height_medium\"><div class=\"l-section-h i-cf\"><div class=\"g-cols vc_row via_flex valign_top type_default stacking_default\"><div class=\"vc_col-sm-4 wpb_column vc_column_container\"><div class=\"vc_column-inner\"><div class=\"wpb_wrapper\">[vc_custom_heading text=\u00bbNuestro equipo\u00bb use_theme_fonts=\u00bbyes\u00bb css=\u00bb%7B%22default%22%3A%7B%22margin-bottom%22%3A%223rem%22%7D%7D\u00bb el_class=\u00bbdeco\u00bb]<div class=\"wpb_text_column us_custom_e2aee182\"><div class=\"wpb_wrapper\"><p>Somos un grupo de personas con fascinaci\u00f3n por el dise\u00f1o, con la suerte de habernos podido especializar en el mundo del branding del lujo.<\/p>\n<p>Somos dise\u00f1adores. Pensadores. Hacedores. Creadores. Buscadores de soluciones.<\/p>\n<p>Apoyamos a nuestros clientes, los entendemos y los nutrimos.<\/p>\n<\/div><\/div><div class=\"w-separator size_small\"><\/div><div class=\"w-btn-wrapper align_none\"><a class=\"w-btn us-btn-style_1\" href=\"https:\/\/zone-studio.es\/es\/contacto\/\"><span class=\"w-btn-label\">Contacto<\/span><\/a><\/div><\/div><\/div><\/div><div class=\"vc_col-sm-8 wpb_column vc_column_container\"><div class=\"vc_column-inner\"><div class=\"wpb_wrapper\"><div class=\"w-hwrapper valign_top stack_on_mobiles align_center\" style=\"--hwrapper-gap:0.8rem\"><div class=\"w-person layout_trendy with_desc\" itemscope itemtype=\"https:\/\/schema.org\/Person\"><div class=\"w-person-image\"><img loading=\"lazy\" decoding=\"async\" width=\"788\" height=\"1024\" src=\"https:\/\/zone-studio.es\/wp-content\/uploads\/2023\/12\/ZS_Zoe-788x1024.jpg\" class=\"attachment-large size-large\" alt=\"ZS Zoe\" \/><\/div><div class=\"w-person-content\"><h3 itemprop=\"name\" class=\"w-person-name\" style=\"font-size:1.2rem\"><span>Zoe Marmentini<\/span><\/h3><div class=\"w-person-role\" itemprop=\"jobTitle\">Fundadora<\/div><\/div><div class=\"w-person-content-alt\"><div class=\"w-person-description\" itemprop=\"description\"><p>ARTISTA E ILUSTRADORA<br \/>\n<strong>\u00abUn alma creativa e inagotable curiosidad\u00bb<\/strong><\/p>\n<\/div><\/div><\/div><div class=\"w-person layout_trendy with_desc\" itemscope itemtype=\"https:\/\/schema.org\/Person\"><div class=\"w-person-image\"><img loading=\"lazy\" decoding=\"async\" width=\"788\" height=\"1024\" src=\"https:\/\/zone-studio.es\/wp-content\/uploads\/2023\/12\/ZS_Beatrice-788x1024.jpg\" class=\"attachment-large size-large\" alt=\"ZS Beatrice\" \/><\/div><div class=\"w-person-content\"><h3 itemprop=\"name\" class=\"w-person-name\" style=\"font-size:1.2rem\"><span>Beatrice Tarchiani<\/span><\/h3><div class=\"w-person-role\" itemprop=\"jobTitle\">Dise\u00f1adora<\/div><\/div><div class=\"w-person-content-alt\"><div class=\"w-person-description\" itemprop=\"description\"><p>DISE\u00d1ADORA E ILUSTRADORA<br \/>\n<strong>\u00abEquilibrio perfecto entre est\u00e9tica y orden riguroso\u201d<\/strong><\/p>\n<\/div><\/div><\/div><\/div><div class=\"w-separator size_custom\" style=\"height:0.8rem\"><\/div><div class=\"w-hwrapper valign_top stack_on_mobiles align_center\" style=\"--hwrapper-gap:0.8rem\"><\/div><\/div><\/div><\/div><\/div><\/div><\/section>\n","protected":false},"excerpt":{"rendered":"\"Sabemos que el trabajo en equipo es la clave para dejar huella en nuestras trayectorias profesionales\u201d [vc_custom_heading text=\"Nuestro equipo\" use_theme_fonts=\"yes\" css=\"%7B%22default%22%3A%7B%22margin-bottom%22%3A%223rem%22%7D%7D\" el_class=\"deco\"]Somos un grupo de personas con fascinaci\u00f3n por el dise\u00f1o, con la suerte de habernos podido especializar en el mundo del branding del lujo. Somos dise\u00f1adores. Pensadores. Hacedores. Creadores. Buscadores de soluciones. Apoyamos a...","protected":false},"author":1,"featured_media":975,"parent":0,"menu_order":0,"comment_status":"closed","ping_status":"closed","template":"","meta":{"_acf_changed":false,"footnotes":""},"class_list":["post-719","page","type-page","status-publish","has-post-thumbnail","hentry"],"acf":[],"yoast_head":"<!-- This site is optimized with the Yoast SEO plugin v27.4 - https:\/\/yoast.com\/product\/yoast-seo-wordpress\/ -->\n<title>Dise\u00f1adores - Zone Studio<\/title>\n<meta name=\"description\" content=\"Contamos con un equipo de dise\u00f1adores totalmente profesional capaces de captar tus ideas y plasmarlas en dise\u00f1os.\" \/>\n<meta name=\"robots\" content=\"index, follow, max-snippet:-1, max-image-preview:large, max-video-preview:-1\" \/>\n<link rel=\"canonical\" href=\"https:\/\/zone-studio.es\/es\/disenadores\/\" \/>\n<meta property=\"og:locale\" content=\"es_ES\" \/>\n<meta property=\"og:type\" content=\"article\" \/>\n<meta property=\"og:title\" content=\"Dise\u00f1adores - Zone Studio\" \/>\n<meta property=\"og:description\" content=\"Contamos con un equipo de dise\u00f1adores totalmente profesional capaces de captar tus ideas y plasmarlas en dise\u00f1os.\" \/>\n<meta property=\"og:url\" content=\"https:\/\/zone-studio.es\/es\/disenadores\/\" \/>\n<meta property=\"og:site_name\" content=\"Zone Studio\" \/>\n<meta property=\"article:modified_time\" content=\"2025-02-24T12:06:42+00:00\" \/>\n<meta name=\"twitter:card\" content=\"summary_large_image\" \/>\n<meta name=\"twitter:label1\" content=\"Tiempo de lectura\" \/>\n\t<meta name=\"twitter:data1\" content=\"1 minuto\" \/>\n<script type=\"application\/ld+json\" class=\"yoast-schema-graph\">{\"@context\":\"https:\\\/\\\/schema.org\",\"@graph\":[{\"@type\":\"WebPage\",\"@id\":\"https:\\\/\\\/zone-studio.es\\\/es\\\/disenadores\\\/\",\"url\":\"https:\\\/\\\/zone-studio.es\\\/es\\\/disenadores\\\/\",\"name\":\"Dise\u00f1adores - Zone Studio\",\"isPartOf\":{\"@id\":\"https:\\\/\\\/zone-studio.es\\\/es\\\/#website\"},\"primaryImageOfPage\":{\"@id\":\"https:\\\/\\\/zone-studio.es\\\/es\\\/disenadores\\\/#primaryimage\"},\"image\":{\"@id\":\"https:\\\/\\\/zone-studio.es\\\/es\\\/disenadores\\\/#primaryimage\"},\"thumbnailUrl\":\"https:\\\/\\\/zone-studio.es\\\/wp-content\\\/uploads\\\/revslider\\\/video-media\\\/H_01_1.jpeg\",\"datePublished\":\"2023-12-14T11:17:09+00:00\",\"dateModified\":\"2025-02-24T12:06:42+00:00\",\"description\":\"Contamos con un equipo de dise\u00f1adores totalmente profesional capaces de captar tus ideas y plasmarlas en dise\u00f1os.\",\"breadcrumb\":{\"@id\":\"https:\\\/\\\/zone-studio.es\\\/es\\\/disenadores\\\/#breadcrumb\"},\"inLanguage\":\"es\",\"potentialAction\":[{\"@type\":\"ReadAction\",\"target\":[\"https:\\\/\\\/zone-studio.es\\\/es\\\/disenadores\\\/\"]}]},{\"@type\":\"ImageObject\",\"inLanguage\":\"es\",\"@id\":\"https:\\\/\\\/zone-studio.es\\\/es\\\/disenadores\\\/#primaryimage\",\"url\":\"https:\\\/\\\/zone-studio.es\\\/wp-content\\\/uploads\\\/revslider\\\/video-media\\\/H_01_1.jpeg\",\"contentUrl\":\"https:\\\/\\\/zone-studio.es\\\/wp-content\\\/uploads\\\/revslider\\\/video-media\\\/H_01_1.jpeg\",\"width\":1920,\"height\":1080},{\"@type\":\"BreadcrumbList\",\"@id\":\"https:\\\/\\\/zone-studio.es\\\/es\\\/disenadores\\\/#breadcrumb\",\"itemListElement\":[{\"@type\":\"ListItem\",\"position\":1,\"name\":\"Portada\",\"item\":\"https:\\\/\\\/zone-studio.es\\\/es\\\/\"},{\"@type\":\"ListItem\",\"position\":2,\"name\":\"Dise\u00f1adores\"}]},{\"@type\":\"WebSite\",\"@id\":\"https:\\\/\\\/zone-studio.es\\\/es\\\/#website\",\"url\":\"https:\\\/\\\/zone-studio.es\\\/es\\\/\",\"name\":\"Zone Studio\",\"description\":\"\",\"publisher\":{\"@id\":\"https:\\\/\\\/zone-studio.es\\\/es\\\/#organization\"},\"potentialAction\":[{\"@type\":\"SearchAction\",\"target\":{\"@type\":\"EntryPoint\",\"urlTemplate\":\"https:\\\/\\\/zone-studio.es\\\/es\\\/?s={search_term_string}\"},\"query-input\":{\"@type\":\"PropertyValueSpecification\",\"valueRequired\":true,\"valueName\":\"search_term_string\"}}],\"inLanguage\":\"es\"},{\"@type\":\"Organization\",\"@id\":\"https:\\\/\\\/zone-studio.es\\\/es\\\/#organization\",\"name\":\"Zone Studio\",\"url\":\"https:\\\/\\\/zone-studio.es\\\/es\\\/\",\"logo\":{\"@type\":\"ImageObject\",\"inLanguage\":\"es\",\"@id\":\"https:\\\/\\\/zone-studio.es\\\/es\\\/#\\\/schema\\\/logo\\\/image\\\/\",\"url\":\"https:\\\/\\\/zone-studio.es\\\/wp-content\\\/uploads\\\/2023\\\/09\\\/favicon.png\",\"contentUrl\":\"https:\\\/\\\/zone-studio.es\\\/wp-content\\\/uploads\\\/2023\\\/09\\\/favicon.png\",\"width\":93,\"height\":93,\"caption\":\"Zone Studio\"},\"image\":{\"@id\":\"https:\\\/\\\/zone-studio.es\\\/es\\\/#\\\/schema\\\/logo\\\/image\\\/\"}}]}<\/script>\n<!-- \/ Yoast SEO plugin. -->","yoast_head_json":{"title":"Dise\u00f1adores - Zone Studio","description":"Contamos con un equipo de dise\u00f1adores totalmente profesional capaces de captar tus ideas y plasmarlas en dise\u00f1os.","robots":{"index":"index","follow":"follow","max-snippet":"max-snippet:-1","max-image-preview":"max-image-preview:large","max-video-preview":"max-video-preview:-1"},"canonical":"https:\/\/zone-studio.es\/es\/disenadores\/","og_locale":"es_ES","og_type":"article","og_title":"Dise\u00f1adores - Zone Studio","og_description":"Contamos con un equipo de dise\u00f1adores totalmente profesional capaces de captar tus ideas y plasmarlas en dise\u00f1os.","og_url":"https:\/\/zone-studio.es\/es\/disenadores\/","og_site_name":"Zone Studio","article_modified_time":"2025-02-24T12:06:42+00:00","twitter_card":"summary_large_image","twitter_misc":{"Tiempo de lectura":"1 minuto"},"schema":{"@context":"https:\/\/schema.org","@graph":[{"@type":"WebPage","@id":"https:\/\/zone-studio.es\/es\/disenadores\/","url":"https:\/\/zone-studio.es\/es\/disenadores\/","name":"Dise\u00f1adores - Zone Studio","isPartOf":{"@id":"https:\/\/zone-studio.es\/es\/#website"},"primaryImageOfPage":{"@id":"https:\/\/zone-studio.es\/es\/disenadores\/#primaryimage"},"image":{"@id":"https:\/\/zone-studio.es\/es\/disenadores\/#primaryimage"},"thumbnailUrl":"https:\/\/zone-studio.es\/wp-content\/uploads\/revslider\/video-media\/H_01_1.jpeg","datePublished":"2023-12-14T11:17:09+00:00","dateModified":"2025-02-24T12:06:42+00:00","description":"Contamos con un equipo de dise\u00f1adores totalmente profesional capaces de captar tus ideas y plasmarlas en dise\u00f1os.","breadcrumb":{"@id":"https:\/\/zone-studio.es\/es\/disenadores\/#breadcrumb"},"inLanguage":"es","potentialAction":[{"@type":"ReadAction","target":["https:\/\/zone-studio.es\/es\/disenadores\/"]}]},{"@type":"ImageObject","inLanguage":"es","@id":"https:\/\/zone-studio.es\/es\/disenadores\/#primaryimage","url":"https:\/\/zone-studio.es\/wp-content\/uploads\/revslider\/video-media\/H_01_1.jpeg","contentUrl":"https:\/\/zone-studio.es\/wp-content\/uploads\/revslider\/video-media\/H_01_1.jpeg","width":1920,"height":1080},{"@type":"BreadcrumbList","@id":"https:\/\/zone-studio.es\/es\/disenadores\/#breadcrumb","itemListElement":[{"@type":"ListItem","position":1,"name":"Portada","item":"https:\/\/zone-studio.es\/es\/"},{"@type":"ListItem","position":2,"name":"Dise\u00f1adores"}]},{"@type":"WebSite","@id":"https:\/\/zone-studio.es\/es\/#website","url":"https:\/\/zone-studio.es\/es\/","name":"Zone Studio","description":"","publisher":{"@id":"https:\/\/zone-studio.es\/es\/#organization"},"potentialAction":[{"@type":"SearchAction","target":{"@type":"EntryPoint","urlTemplate":"https:\/\/zone-studio.es\/es\/?s={search_term_string}"},"query-input":{"@type":"PropertyValueSpecification","valueRequired":true,"valueName":"search_term_string"}}],"inLanguage":"es"},{"@type":"Organization","@id":"https:\/\/zone-studio.es\/es\/#organization","name":"Zone Studio","url":"https:\/\/zone-studio.es\/es\/","logo":{"@type":"ImageObject","inLanguage":"es","@id":"https:\/\/zone-studio.es\/es\/#\/schema\/logo\/image\/","url":"https:\/\/zone-studio.es\/wp-content\/uploads\/2023\/09\/favicon.png","contentUrl":"https:\/\/zone-studio.es\/wp-content\/uploads\/2023\/09\/favicon.png","width":93,"height":93,"caption":"Zone Studio"},"image":{"@id":"https:\/\/zone-studio.es\/es\/#\/schema\/logo\/image\/"}}]}},"_links":{"self":[{"href":"https:\/\/zone-studio.es\/es\/wp-json\/wp\/v2\/pages\/719","targetHints":{"allow":["GET"]}}],"collection":[{"href":"https:\/\/zone-studio.es\/es\/wp-json\/wp\/v2\/pages"}],"about":[{"href":"https:\/\/zone-studio.es\/es\/wp-json\/wp\/v2\/types\/page"}],"author":[{"embeddable":true,"href":"https:\/\/zone-studio.es\/es\/wp-json\/wp\/v2\/users\/1"}],"replies":[{"embeddable":true,"href":"https:\/\/zone-studio.es\/es\/wp-json\/wp\/v2\/comments?post=719"}],"version-history":[{"count":10,"href":"https:\/\/zone-studio.es\/es\/wp-json\/wp\/v2\/pages\/719\/revisions"}],"predecessor-version":[{"id":982,"href":"https:\/\/zone-studio.es\/es\/wp-json\/wp\/v2\/pages\/719\/revisions\/982"}],"wp:featuredmedia":[{"embeddable":true,"href":"https:\/\/zone-studio.es\/es\/wp-json\/wp\/v2\/media\/975"}],"wp:attachment":[{"href":"https:\/\/zone-studio.es\/es\/wp-json\/wp\/v2\/media?parent=719"}],"curies":[{"name":"wp","href":"https:\/\/api.w.org\/{rel}","templated":true}]}}