{"id":725,"date":"2023-12-12T12:51:13","date_gmt":"2023-12-12T10:51:13","guid":{"rendered":"https:\/\/zone-studio.es\/porfolio\/"},"modified":"2025-06-25T10:55:47","modified_gmt":"2025-06-25T08:55:47","slug":"porfolio","status":"publish","type":"page","link":"https:\/\/zone-studio.es\/es\/porfolio\/","title":{"rendered":"Portfolio"},"content":{"rendered":"<section class=\"l-section wpb_row us_custom_623ba360 height_large with_video\"><div class=\"l-section-video\"><video muted loop autoplay playsinline preload=\"auto\"><source type=\"video\/mp4\" src=\"https:\/\/zone-studio.es\/wp-content\/uploads\/2023\/12\/HistoricHotel.mp4\" \/><\/video><\/div><div class=\"l-section-overlay\" style=\"background:rgba(0,0,0,0.30)\"><\/div><div class=\"l-section-h i-cf\"><div class=\"g-cols vc_row via_flex valign_top type_default stacking_default\"><div class=\"vc_col-sm-12 wpb_column vc_column_container\"><div class=\"vc_column-inner\"><div class=\"wpb_wrapper\">[vc_custom_heading text=\u00bbPORTFOLIO\u00bb font_container=\u00bbtag:h1|text_align:left|color:%23ffffff\u00bb use_theme_fonts=\u00bbyes\u00bb]<\/div><\/div><\/div><\/div><\/div><\/section><section class=\"l-section wpb_row height_medium\"><div class=\"l-section-h i-cf\"><div class=\"g-cols vc_row via_flex valign_top type_default stacking_default\"><div class=\"vc_col-sm-12 wpb_column vc_column_container\"><div class=\"vc_column-inner\"><div class=\"wpb_wrapper\">[vc_custom_heading text=\u00bbProyectos\u00bb use_theme_fonts=\u00bbyes\u00bb css=\u00bb%7B%22default%22%3A%7B%22margin-bottom%22%3A%223rem%22%7D%7D\u00bb el_class=\u00bbdeco\u00bb]<\/div><\/div><\/div><div class=\"vc_col-sm-12 wpb_column vc_column_container\"><div class=\"vc_column-inner\"><div class=\"wpb_wrapper\"><div class=\"w-grid type_metro layout_135 ratio_1x1\" id=\"us_grid_1\" style=\"--gap:0.5rem;\" data-filterable=\"true\"><style>#us_grid_1 .w-grid-item-h:before{padding-bottom:100%}.layout_135 .w-grid-item-h:before{padding-bottom:75%}@media (min-width:601px){.layout_135 .w-grid-item.size_1x2 .w-grid-item-h:before{padding-bottom:calc(150% + var(--gap,0px) * 2)}.layout_135 .w-grid-item.size_2x1 .w-grid-item-h:before{padding-bottom:calc(37.5% - var(--gap,0px) * 0.75)}.layout_135 .w-grid-item.size_2x2 .w-grid-item-h:before{padding-bottom:calc(75% - var(--gap,0px) * -0.5)}}.layout_135 .w-grid-item-h{color:#ffffff}.layout_135 .usg_vwrapper_1{transition-duration:0.3s;transform-origin:50% 50%;transform:scale(1) translate(0%,0%);opacity:0}.layout_135 .w-grid-item-h:hover .usg_vwrapper_1{transform:scale(1) translate(0%,0%);opacity:1;background:rgba(0,161,154,0.80)!important}.layout_135 .usg_vwrapper_1{width:100%!important;height:100%!important;position:absolute!important;left:0!important;top:0!important;padding:10%!important}.layout_135 .usg_post_title_1{color:inherit!important;font-size:1.4rem!important;font-family:Crimson Text!important;font-weight:600!important;text-transform:none!important;font-style:italic!important;margin-bottom:3rem!important}.layout_135 .usg_post_content_1{font-size:1.25rem!important;line-height:1.2!important;font-family:Crimson Text!important;font-style:italic!important}.layout_135 .usg_vwrapper_2{position:static!important}@media (min-width:1025px) and (max-width:1280px){.layout_135 .usg_vwrapper_1{width:100%!important;height:100%!important;position:absolute!important;left:0!important;top:0!important;padding:10%!important}.layout_135 .usg_post_title_1{color:inherit!important;font-size:1.4rem!important;font-family:Crimson Text!important;font-weight:600!important;text-transform:none!important;font-style:italic!important;margin-bottom:3rem!important}.layout_135 .usg_post_content_1{font-size:1.25rem!important;line-height:1.2!important;font-family:Crimson Text!important;font-style:italic!important}.layout_135 .usg_vwrapper_2{position:static!important}}@media (min-width:601px) and (max-width:1024px){.layout_135 .usg_vwrapper_1{width:100%!important;height:100%!important;position:absolute!important;left:0!important;top:0!important;padding:10%!important}.layout_135 .usg_post_title_1{color:inherit!important;font-size:1.4rem!important;font-family:Crimson Text!important;font-weight:600!important;text-transform:none!important;font-style:italic!important;margin-bottom:3rem!important}.layout_135 .usg_post_content_1{font-size:1.25rem!important;line-height:1.2!important;font-family:Crimson Text!important;font-style:italic!important}.layout_135 .usg_vwrapper_2{position:static!important}}@media (max-width:600px){.layout_135 .usg_vwrapper_1{width:100%!important;height:100%!important;position:absolute!important;left:0!important;top:0!important;padding:10%!important}.layout_135 .usg_post_title_1{color:inherit!important;font-size:1.4rem!important;font-family:Crimson Text!important;font-weight:600!important;text-transform:none!important;font-style:italic!important;margin-bottom:3rem!important}.layout_135 .usg_post_content_1{font-size:1.25rem!important;line-height:1.2!important;font-family:Crimson Text!important;font-style:italic!important}.layout_135 .usg_vwrapper_2{position:static!important}}<\/style><div class=\"w-grid-list\">\t<article class=\"w-grid-item size_1x1 post-728 us_portfolio type-us_portfolio status-publish has-post-thumbnail hentry\" data-id=\"728\">\r\n\t\t<div class=\"w-grid-item-h\">\r\n\t\t\t\t\t\t\t<a href=\"https:\/\/zone-studio.es\/es\/portfolio\/pay-per-clic-campaigns\/\" class=\"w-grid-item-anchor\" aria-label=\"Pay-per-clic campaigns\"><\/a>\r\n\t\t\t\t\t\t<div class=\"w-vwrapper usg_vwrapper_2 align_none valign_top\" style=\"--vwrapper-gap:0rem\"><div class=\"w-post-elm post_image usg_post_image_1 has_ratio\"><div style=\"padding-bottom:100%\"><\/div><a href=\"https:\/\/zone-studio.es\/es\/portfolio\/pay-per-clic-campaigns\/\" aria-label=\"Pay-per-clic campaigns\"><img loading=\"lazy\" decoding=\"async\" width=\"1300\" height=\"1300\" src=\"https:\/\/zone-studio.es\/wp-content\/uploads\/2023\/12\/ZS_PPC_Campaigns_COVERART.jpg\" class=\"attachment-full size-full wp-post-image\" alt=\"ZS PPC Campaigns COVERART\" \/><\/a><\/div><div class=\"w-vwrapper usg_vwrapper_1 align_none valign_top\" style=\"--vwrapper-gap:0rem\"><h3 class=\"w-post-elm post_title usg_post_title_1 has_text_color entry-title color_link_inherit\">Pay-per-clic campaigns<\/h3><div class=\"w-post-elm post_content usg_post_content_1\"><p>\u00abEl dise\u00f1o se une a la tecnolog\u00eda\u00bb<\/p>\n<\/div><\/div><\/div>\t\t<\/div>\r\n\t<\/article>\r\n\t<article class=\"w-grid-item size_1x1 post-734 us_portfolio type-us_portfolio status-publish has-post-thumbnail hentry\" data-id=\"734\">\r\n\t\t<div class=\"w-grid-item-h\">\r\n\t\t\t\t\t\t\t<a href=\"https:\/\/zone-studio.es\/es\/portfolio\/planos-de-planta\/\" class=\"w-grid-item-anchor\" aria-label=\"Planos de planta\"><\/a>\r\n\t\t\t\t\t\t<div class=\"w-vwrapper usg_vwrapper_2 align_none valign_top\" style=\"--vwrapper-gap:0rem\"><div class=\"w-post-elm post_image usg_post_image_1 has_ratio\"><div style=\"padding-bottom:100%\"><\/div><a href=\"https:\/\/zone-studio.es\/es\/portfolio\/planos-de-planta\/\" aria-label=\"Planos de planta\"><img loading=\"lazy\" decoding=\"async\" width=\"1300\" height=\"1300\" src=\"https:\/\/zone-studio.es\/wp-content\/uploads\/2023\/12\/ZS_FloorPlans_.jpg\" class=\"attachment-full size-full wp-post-image\" alt=\"ZS FloorPlans\" \/><\/a><\/div><div class=\"w-vwrapper usg_vwrapper_1 align_none valign_top\" style=\"--vwrapper-gap:0rem\"><h3 class=\"w-post-elm post_title usg_post_title_1 has_text_color entry-title color_link_inherit\">Planos de planta<\/h3><div class=\"w-post-elm post_content usg_post_content_1\"><p>\u00abEst\u00e1 usted aqu\u00ed\u00bb<\/p>\n<\/div><\/div><\/div>\t\t<\/div>\r\n\t<\/article>\r\n\t<article class=\"w-grid-item size_1x1 post-737 us_portfolio type-us_portfolio status-publish has-post-thumbnail hentry\" data-id=\"737\">\r\n\t\t<div class=\"w-grid-item-h\">\r\n\t\t\t\t\t\t\t<a href=\"https:\/\/zone-studio.es\/es\/portfolio\/packaging\/\" class=\"w-grid-item-anchor\" aria-label=\"Packaging\"><\/a>\r\n\t\t\t\t\t\t<div class=\"w-vwrapper usg_vwrapper_2 align_none valign_top\" style=\"--vwrapper-gap:0rem\"><div class=\"w-post-elm post_image usg_post_image_1 has_ratio\"><div style=\"padding-bottom:100%\"><\/div><a href=\"https:\/\/zone-studio.es\/es\/portfolio\/packaging\/\" aria-label=\"Packaging\"><img loading=\"lazy\" decoding=\"async\" width=\"1300\" height=\"1300\" src=\"https:\/\/zone-studio.es\/wp-content\/uploads\/2023\/12\/Packaging_.jpg\" class=\"attachment-full size-full wp-post-image\" alt=\"Packaging\" \/><\/a><\/div><div class=\"w-vwrapper usg_vwrapper_1 align_none valign_top\" style=\"--vwrapper-gap:0rem\"><h3 class=\"w-post-elm post_title usg_post_title_1 has_text_color entry-title color_link_inherit\">Packaging<\/h3><div class=\"w-post-elm post_content usg_post_content_1\"><p>\u201cDise\u00f1o de packaging para reforzar marca\u201d<\/p>\n<\/div><\/div><\/div>\t\t<\/div>\r\n\t<\/article>\r\n\t<article class=\"w-grid-item size_1x1 post-740 us_portfolio type-us_portfolio status-publish has-post-thumbnail hentry\" data-id=\"740\">\r\n\t\t<div class=\"w-grid-item-h\">\r\n\t\t\t\t\t\t\t<a href=\"https:\/\/zone-studio.es\/es\/portfolio\/a-historic-hotel\/\" class=\"w-grid-item-anchor\" aria-label=\"A historic Hotel\"><\/a>\r\n\t\t\t\t\t\t<div class=\"w-vwrapper usg_vwrapper_2 align_none valign_top\" style=\"--vwrapper-gap:0rem\"><div class=\"w-post-elm post_image usg_post_image_1 has_ratio\"><div style=\"padding-bottom:100%\"><\/div><a href=\"https:\/\/zone-studio.es\/es\/portfolio\/a-historic-hotel\/\" aria-label=\"A historic Hotel\"><img loading=\"lazy\" decoding=\"async\" width=\"1300\" height=\"1300\" src=\"https:\/\/zone-studio.es\/wp-content\/uploads\/2023\/12\/HistoricHotel_CoverIMG.jpg\" class=\"attachment-full size-full wp-post-image\" alt=\"HistoricHotel CoverIMG\" \/><\/a><\/div><div class=\"w-vwrapper usg_vwrapper_1 align_none valign_top\" style=\"--vwrapper-gap:0rem\"><h3 class=\"w-post-elm post_title usg_post_title_1 has_text_color entry-title color_link_inherit\">A historic Hotel<\/h3><div class=\"w-post-elm post_content usg_post_content_1\"><p>\u201cUn hotel lleno de historia\u201d<\/p>\n<\/div><\/div><\/div>\t\t<\/div>\r\n\t<\/article>\r\n\t<article class=\"w-grid-item size_1x1 post-744 us_portfolio type-us_portfolio status-publish has-post-thumbnail hentry\" data-id=\"744\">\r\n\t\t<div class=\"w-grid-item-h\">\r\n\t\t\t\t\t\t\t<a href=\"https:\/\/zone-studio.es\/es\/portfolio\/editorial\/\" class=\"w-grid-item-anchor\" aria-label=\"Editorial\"><\/a>\r\n\t\t\t\t\t\t<div class=\"w-vwrapper usg_vwrapper_2 align_none valign_top\" style=\"--vwrapper-gap:0rem\"><div class=\"w-post-elm post_image usg_post_image_1 has_ratio\"><div style=\"padding-bottom:100%\"><\/div><a href=\"https:\/\/zone-studio.es\/es\/portfolio\/editorial\/\" aria-label=\"Editorial\"><img loading=\"lazy\" decoding=\"async\" width=\"1300\" height=\"1300\" src=\"https:\/\/zone-studio.es\/wp-content\/uploads\/2023\/12\/ZS_Editorial_Revised.jpg\" class=\"attachment-full size-full wp-post-image\" alt=\"ZS Editorial Revised\" \/><\/a><\/div><div class=\"w-vwrapper usg_vwrapper_1 align_none valign_top\" style=\"--vwrapper-gap:0rem\"><h3 class=\"w-post-elm post_title usg_post_title_1 has_text_color entry-title color_link_inherit\">Editorial<\/h3><div class=\"w-post-elm post_content usg_post_content_1\"><p>\u201cComponiendo para publicaciones impresas\u201d<\/p>\n<\/div><\/div><\/div>\t\t<\/div>\r\n\t<\/article>\r\n\t<article class=\"w-grid-item size_1x1 post-749 us_portfolio type-us_portfolio status-publish has-post-thumbnail hentry\" data-id=\"749\">\r\n\t\t<div class=\"w-grid-item-h\">\r\n\t\t\t\t\t\t\t<a href=\"https:\/\/zone-studio.es\/es\/portfolio\/branding\/\" class=\"w-grid-item-anchor\" aria-label=\"Branding\"><\/a>\r\n\t\t\t\t\t\t<div class=\"w-vwrapper usg_vwrapper_2 align_none valign_top\" style=\"--vwrapper-gap:0rem\"><div class=\"w-post-elm post_image usg_post_image_1 has_ratio\"><div style=\"padding-bottom:100%\"><\/div><a href=\"https:\/\/zone-studio.es\/es\/portfolio\/branding\/\" aria-label=\"Branding\"><img loading=\"lazy\" decoding=\"async\" width=\"1300\" height=\"1300\" src=\"https:\/\/zone-studio.es\/wp-content\/uploads\/2023\/12\/Portfolio_Maribel_-COVERIMG.jpg\" class=\"attachment-full size-full wp-post-image\" alt=\"Portfolio Maribel  COVERIMG\" \/><\/a><\/div><div class=\"w-vwrapper usg_vwrapper_1 align_none valign_top\" style=\"--vwrapper-gap:0rem\"><h3 class=\"w-post-elm post_title usg_post_title_1 has_text_color entry-title color_link_inherit\">Branding<\/h3><div class=\"w-post-elm post_content usg_post_content_1\"><p>\u201cUn ejemplo en branding para colaterales y materiales promocionales\u201d<\/p>\n<\/div><\/div><\/div>\t\t<\/div>\r\n\t<\/article>\r\n<\/div><div class=\"w-grid-preloader\">\t<div class=\"g-preloader type_1\">\r\n\t\t<div><\/div>\r\n\t<\/div>\r\n\t<\/div>\t<div class=\"w-grid-json hidden\" onclick='return {&quot;action&quot;:&quot;us_ajax_grid&quot;,&quot;ajax_url&quot;:&quot;https:\\\/\\\/zone-studio.es\\\/wp-admin\\\/admin-ajax.php&quot;,&quot;infinite_scroll&quot;:0,&quot;max_num_pages&quot;:1,&quot;pagination&quot;:&quot;ajax&quot;,&quot;template_vars&quot;:{&quot;columns&quot;:&quot;2&quot;,&quot;exclude_items&quot;:&quot;none&quot;,&quot;img_size&quot;:&quot;default&quot;,&quot;ignore_items_size&quot;:0,&quot;items_layout&quot;:&quot;135&quot;,&quot;items_offset&quot;:&quot;1&quot;,&quot;load_animation&quot;:&quot;none&quot;,&quot;overriding_link&quot;:&quot;%7B%22type%22%3A%22post%22%7D&quot;,&quot;post_id&quot;:0,&quot;query_args&quot;:{&quot;post_type&quot;:[&quot;us_portfolio&quot;],&quot;post_status&quot;:[&quot;publish&quot;,&quot;acf-disabled&quot;],&quot;posts_per_page&quot;:&quot;6&quot;},&quot;orderby_query_args&quot;:{&quot;orderby&quot;:{&quot;date&quot;:&quot;DESC&quot;}},&quot;type&quot;:&quot;metro&quot;,&quot;us_grid_ajax_index&quot;:1,&quot;us_grid_filter_params&quot;:[],&quot;us_grid_index&quot;:1,&quot;_us_grid_post_type&quot;:&quot;us_portfolio&quot;,&quot;page_args&quot;:[],&quot;lang&quot;:&quot;es&quot;}}'><\/div>\r\n\t<\/div><\/div><\/div><\/div><\/div><\/div><\/section><section class=\"l-section wpb_row height_medium\"><div class=\"l-section-h i-cf\"><div class=\"g-cols vc_row via_flex valign_top type_default stacking_default\"><div class=\"vc_col-sm-4 wpb_column vc_column_container text-justify-v\"><div class=\"vc_column-inner\"><div class=\"wpb_wrapper\">[vc_custom_heading text=\u00bbContacto\u00bb use_theme_fonts=\u00bbyes\u00bb css=\u00bb%7B%22default%22%3A%7B%22margin-bottom%22%3A%223rem%22%7D%7D\u00bb el_class=\u00bbdeco\u00bb]<div class=\"w-vwrapper align_none valign_top\">[vc_custom_heading text=\u00bbContacta\u00bb font_container=\u00bbtag:p|text_align:left\u00bb use_theme_fonts=\u00bbyes\u00bb css=\u00bb%7B%22default%22%3A%7B%22color%22%3A%22_content_primary%22%2C%22font-size%22%3A%221.75rem%22%2C%22line-height%22%3A%221.2%22%2C%22font-family%22%3A%22h1%22%2C%22text-transform%22%3A%22uppercase%22%2C%22margin-bottom%22%3A%222rem%22%7D%7D\u00bb]<p class=\"w-text us_custom_7cdf484d\"><span class=\"w-text-h\"><span class=\"w-text-value\">In the Zone: Marmentini-Tarchiani<\/span><\/span><\/p><div class=\"w-text us_custom_0f088a09 has_text_color icon_atleft\"><a href=\"tel:+34619758228\" class=\"w-text-h\"><span class=\"fas fa-phone-alt\"><\/span><span class=\"w-text-value\">619 75 82 28<\/span><\/a><\/div><div class=\"w-text us_custom_0f088a09 has_text_color icon_atleft\"><a href=\"mailto:design@zoemarmentini.com\" class=\"w-text-h\"><span class=\"fas fa-envelope\"><\/span><span class=\"w-text-value\">design@zoemarmentini.com<\/span><\/a><\/div><div class=\"w-text us_custom_0f088a09 has_text_color icon_atleft\"><span target=\"_blank\" rel=\"nofollow\" class=\"w-text-h\"><span class=\"fas fa-map-marker-alt\"><\/span><span class=\"w-text-value\">C. los Jazmines, 390, 29660 Marbella, M\u00e1laga<\/span><\/span><\/div><div class=\"w-socials us_custom_fb1528c0 color_link shape_circle style_solid hover_fade\" style=\"--gap:7px;\"><div class=\"w-socials-list\"><div class=\"w-socials-item instagram\"><a href=\"https:\/\/www.instagram.com\/in_the_zonestudio\/\" class=\"w-socials-item-link\" title=\"Instagram\" aria-label=\"Instagram\"><span class=\"w-socials-item-link-hover\"><\/span><span class=\"fab fa-instagram\"><\/span><\/a><div class=\"w-socials-item-popup\"><span>Instagram<\/span><\/div><\/div><div class=\"w-socials-item linkedin\"><a href=\"https:\/\/es.linkedin.com\/company\/zone-studio-arte-ilustraci\u00f3n-y-dise\u00f1o\" class=\"w-socials-item-link\" title=\"LinkedIn\" aria-label=\"LinkedIn\"><span class=\"w-socials-item-link-hover\"><\/span><span class=\"fab fa-linkedin\"><\/span><\/a><div class=\"w-socials-item-popup\"><span>LinkedIn<\/span><\/div><\/div><\/div><\/div><div class=\"w-btn-wrapper align_none\"><a class=\"w-btn us-btn-style_1\" href=\"https:\/\/zone-studio.es\/es\/contacto\/\"><span class=\"w-btn-label\">Contacto<\/span><\/a><\/div><\/div><\/div><\/div><\/div><div class=\"vc_col-sm-8 wpb_column vc_column_container stretched\"><div class=\"vc_column-inner us_custom_e6b302da\"><div class=\"wpb_wrapper\"><div class=\"w-image align_right\"><div class=\"w-image-h\"><img loading=\"lazy\" decoding=\"async\" width=\"1167\" height=\"658\" src=\"https:\/\/zone-studio.es\/wp-content\/uploads\/2023\/09\/contacto-zonestudio.jpg\" class=\"attachment-full size-full\" alt=\"contacto zonestudio\" \/><\/div><\/div><\/div><\/div><\/div><\/div><\/div><\/section>\n","protected":false},"excerpt":{"rendered":"[vc_custom_heading text=\"MARIBEL\" font_container=\"tag:p|text_align:left\" use_theme_fonts=\"yes\" el_class=\"deco\" css=\"%7B%22default%22%3A%7B%22font-size%22%3A%221.5rem%22%2C%22font-family%22%3A%22h1%22%2C%22font-weight%22%3A%22600%22%2C%22margin-bottom%22%3A%223rem%22%7D%7D\"]Lleno de car\u00e1cter, un ejemplo en branding para colaterales y materiales promocionales que a\u00fana el trabajo en logotipos, ilustraciones, composici\u00f3n y elecci\u00f3n de acabados elegantes a lo largo de la creaci\u00f3n de m\u00e1s de 120 \u00edtems para la temporada inaugural. Siguiendo una direcci\u00f3n cuidadosa establecida por la propiedad, y trabajando...","protected":false},"author":1,"featured_media":0,"parent":0,"menu_order":0,"comment_status":"closed","ping_status":"closed","template":"","meta":{"_acf_changed":false,"footnotes":""},"class_list":["post-725","page","type-page","status-publish","hentry"],"acf":[],"yoast_head":"<!-- This site is optimized with the Yoast SEO plugin v27.4 - https:\/\/yoast.com\/product\/yoast-seo-wordpress\/ -->\n<title>Proyectos de dise\u00f1o - Zone Studio<\/title>\n<meta name=\"description\" content=\"Estos son algunos de nuestros proyectos, \u00e9chales un vistazo. Branding para tu empresa\" \/>\n<meta name=\"robots\" content=\"index, follow, max-snippet:-1, max-image-preview:large, max-video-preview:-1\" \/>\n<link rel=\"canonical\" href=\"https:\/\/zone-studio.es\/es\/porfolio\/\" \/>\n<meta property=\"og:locale\" content=\"es_ES\" \/>\n<meta property=\"og:type\" content=\"article\" \/>\n<meta property=\"og:title\" content=\"Proyectos de dise\u00f1o - Zone Studio\" \/>\n<meta property=\"og:description\" content=\"Estos son algunos de nuestros proyectos, \u00e9chales un vistazo. Branding para tu empresa\" \/>\n<meta property=\"og:url\" content=\"https:\/\/zone-studio.es\/es\/porfolio\/\" \/>\n<meta property=\"og:site_name\" content=\"Zone Studio\" \/>\n<meta property=\"article:modified_time\" content=\"2025-06-25T08:55:47+00:00\" \/>\n<meta name=\"twitter:card\" content=\"summary_large_image\" \/>\n<meta name=\"twitter:label1\" content=\"Tiempo de lectura\" \/>\n\t<meta name=\"twitter:data1\" content=\"2 minutos\" \/>\n<script type=\"application\/ld+json\" class=\"yoast-schema-graph\">{\"@context\":\"https:\\\/\\\/schema.org\",\"@graph\":[{\"@type\":\"WebPage\",\"@id\":\"https:\\\/\\\/zone-studio.es\\\/es\\\/porfolio\\\/\",\"url\":\"https:\\\/\\\/zone-studio.es\\\/es\\\/porfolio\\\/\",\"name\":\"Proyectos de dise\u00f1o - Zone Studio\",\"isPartOf\":{\"@id\":\"https:\\\/\\\/zone-studio.es\\\/es\\\/#website\"},\"datePublished\":\"2023-12-12T10:51:13+00:00\",\"dateModified\":\"2025-06-25T08:55:47+00:00\",\"description\":\"Estos son algunos de nuestros proyectos, \u00e9chales un vistazo. Branding para tu empresa\",\"breadcrumb\":{\"@id\":\"https:\\\/\\\/zone-studio.es\\\/es\\\/porfolio\\\/#breadcrumb\"},\"inLanguage\":\"es\",\"potentialAction\":[{\"@type\":\"ReadAction\",\"target\":[\"https:\\\/\\\/zone-studio.es\\\/es\\\/porfolio\\\/\"]}]},{\"@type\":\"BreadcrumbList\",\"@id\":\"https:\\\/\\\/zone-studio.es\\\/es\\\/porfolio\\\/#breadcrumb\",\"itemListElement\":[{\"@type\":\"ListItem\",\"position\":1,\"name\":\"Portada\",\"item\":\"https:\\\/\\\/zone-studio.es\\\/es\\\/\"},{\"@type\":\"ListItem\",\"position\":2,\"name\":\"Portfolio\"}]},{\"@type\":\"WebSite\",\"@id\":\"https:\\\/\\\/zone-studio.es\\\/es\\\/#website\",\"url\":\"https:\\\/\\\/zone-studio.es\\\/es\\\/\",\"name\":\"Zone Studio\",\"description\":\"\",\"publisher\":{\"@id\":\"https:\\\/\\\/zone-studio.es\\\/es\\\/#organization\"},\"potentialAction\":[{\"@type\":\"SearchAction\",\"target\":{\"@type\":\"EntryPoint\",\"urlTemplate\":\"https:\\\/\\\/zone-studio.es\\\/es\\\/?s={search_term_string}\"},\"query-input\":{\"@type\":\"PropertyValueSpecification\",\"valueRequired\":true,\"valueName\":\"search_term_string\"}}],\"inLanguage\":\"es\"},{\"@type\":\"Organization\",\"@id\":\"https:\\\/\\\/zone-studio.es\\\/es\\\/#organization\",\"name\":\"Zone Studio\",\"url\":\"https:\\\/\\\/zone-studio.es\\\/es\\\/\",\"logo\":{\"@type\":\"ImageObject\",\"inLanguage\":\"es\",\"@id\":\"https:\\\/\\\/zone-studio.es\\\/es\\\/#\\\/schema\\\/logo\\\/image\\\/\",\"url\":\"https:\\\/\\\/zone-studio.es\\\/wp-content\\\/uploads\\\/2023\\\/09\\\/favicon.png\",\"contentUrl\":\"https:\\\/\\\/zone-studio.es\\\/wp-content\\\/uploads\\\/2023\\\/09\\\/favicon.png\",\"width\":93,\"height\":93,\"caption\":\"Zone Studio\"},\"image\":{\"@id\":\"https:\\\/\\\/zone-studio.es\\\/es\\\/#\\\/schema\\\/logo\\\/image\\\/\"}}]}<\/script>\n<!-- \/ Yoast SEO plugin. -->","yoast_head_json":{"title":"Proyectos de dise\u00f1o - Zone Studio","description":"Estos son algunos de nuestros proyectos, \u00e9chales un vistazo. Branding para tu empresa","robots":{"index":"index","follow":"follow","max-snippet":"max-snippet:-1","max-image-preview":"max-image-preview:large","max-video-preview":"max-video-preview:-1"},"canonical":"https:\/\/zone-studio.es\/es\/porfolio\/","og_locale":"es_ES","og_type":"article","og_title":"Proyectos de dise\u00f1o - Zone Studio","og_description":"Estos son algunos de nuestros proyectos, \u00e9chales un vistazo. Branding para tu empresa","og_url":"https:\/\/zone-studio.es\/es\/porfolio\/","og_site_name":"Zone Studio","article_modified_time":"2025-06-25T08:55:47+00:00","twitter_card":"summary_large_image","twitter_misc":{"Tiempo de lectura":"2 minutos"},"schema":{"@context":"https:\/\/schema.org","@graph":[{"@type":"WebPage","@id":"https:\/\/zone-studio.es\/es\/porfolio\/","url":"https:\/\/zone-studio.es\/es\/porfolio\/","name":"Proyectos de dise\u00f1o - Zone Studio","isPartOf":{"@id":"https:\/\/zone-studio.es\/es\/#website"},"datePublished":"2023-12-12T10:51:13+00:00","dateModified":"2025-06-25T08:55:47+00:00","description":"Estos son algunos de nuestros proyectos, \u00e9chales un vistazo. Branding para tu empresa","breadcrumb":{"@id":"https:\/\/zone-studio.es\/es\/porfolio\/#breadcrumb"},"inLanguage":"es","potentialAction":[{"@type":"ReadAction","target":["https:\/\/zone-studio.es\/es\/porfolio\/"]}]},{"@type":"BreadcrumbList","@id":"https:\/\/zone-studio.es\/es\/porfolio\/#breadcrumb","itemListElement":[{"@type":"ListItem","position":1,"name":"Portada","item":"https:\/\/zone-studio.es\/es\/"},{"@type":"ListItem","position":2,"name":"Portfolio"}]},{"@type":"WebSite","@id":"https:\/\/zone-studio.es\/es\/#website","url":"https:\/\/zone-studio.es\/es\/","name":"Zone Studio","description":"","publisher":{"@id":"https:\/\/zone-studio.es\/es\/#organization"},"potentialAction":[{"@type":"SearchAction","target":{"@type":"EntryPoint","urlTemplate":"https:\/\/zone-studio.es\/es\/?s={search_term_string}"},"query-input":{"@type":"PropertyValueSpecification","valueRequired":true,"valueName":"search_term_string"}}],"inLanguage":"es"},{"@type":"Organization","@id":"https:\/\/zone-studio.es\/es\/#organization","name":"Zone Studio","url":"https:\/\/zone-studio.es\/es\/","logo":{"@type":"ImageObject","inLanguage":"es","@id":"https:\/\/zone-studio.es\/es\/#\/schema\/logo\/image\/","url":"https:\/\/zone-studio.es\/wp-content\/uploads\/2023\/09\/favicon.png","contentUrl":"https:\/\/zone-studio.es\/wp-content\/uploads\/2023\/09\/favicon.png","width":93,"height":93,"caption":"Zone Studio"},"image":{"@id":"https:\/\/zone-studio.es\/es\/#\/schema\/logo\/image\/"}}]}},"_links":{"self":[{"href":"https:\/\/zone-studio.es\/es\/wp-json\/wp\/v2\/pages\/725","targetHints":{"allow":["GET"]}}],"collection":[{"href":"https:\/\/zone-studio.es\/es\/wp-json\/wp\/v2\/pages"}],"about":[{"href":"https:\/\/zone-studio.es\/es\/wp-json\/wp\/v2\/types\/page"}],"author":[{"embeddable":true,"href":"https:\/\/zone-studio.es\/es\/wp-json\/wp\/v2\/users\/1"}],"replies":[{"embeddable":true,"href":"https:\/\/zone-studio.es\/es\/wp-json\/wp\/v2\/comments?post=725"}],"version-history":[{"count":14,"href":"https:\/\/zone-studio.es\/es\/wp-json\/wp\/v2\/pages\/725\/revisions"}],"predecessor-version":[{"id":1006,"href":"https:\/\/zone-studio.es\/es\/wp-json\/wp\/v2\/pages\/725\/revisions\/1006"}],"wp:attachment":[{"href":"https:\/\/zone-studio.es\/es\/wp-json\/wp\/v2\/media?parent=725"}],"curies":[{"name":"wp","href":"https:\/\/api.w.org\/{rel}","templated":true}]}}